{"id":13788,"date":"2021-03-30T14:22:30","date_gmt":"2021-03-30T14:22:30","guid":{"rendered":"https:\/\/tikspac.com\/integritetspolicy\/"},"modified":"2022-03-21T17:13:51","modified_gmt":"2022-03-21T17:13:51","slug":"retningslinjer","status":"publish","type":"page","link":"https:\/\/tikspac.com\/no\/retningslinjer\/","title":{"rendered":"Retningslinjer"},"content":{"rendered":"\n<h2 class=\"wp-block-heading\">Om nettstedet<\/h2>\n\n\n\n<p>GDPR (General Data Protection Regulation) er en EU-forordning som gjelder f.o.m. 25. mai 2018. Den nye forordningen erstatter loven om personopplysninger. Nedenfor finner du informasjon om hvordan vi behandler personopplysninger, informasjonskapsler, sikkerhet m.m.<\/p>\n\n\n\n<p>Behandling av personopplysninger.<\/p>\n\n\n\n<p>Vi bruker personopplysningene dine for \u00e5 kunne svare p\u00e5 foresp\u00f8rsler og til kommunikasjon. Opplysningene brukes ogs\u00e5 slik at vi skal kunne kontakte deg om bestillinger, tilbud og viktig informasjon. Vi deler aldri opplysningene dine med tredjeparter.<\/p>\n\n\n\n<h3 class=\"wp-block-heading\">Informasjonskapsler<\/h3>\n\n\n\n<p>P\u00e5 hjemmesiden bruker vi informasjonskapsler. En informasjonskapsel er en liten tekstfil som nettstedet du bes\u00f8ker bruker til \u00e5 lagre data om deg p\u00e5. P\u00e5 siden v\u00e5r bruker vi informasjonskapsler for \u00e5 vite om bes\u00f8kende p\u00e5 siden er nye eller tilbakevendende. Informasjonskapsler er ikke skadelig programvare og kan ikke f\u00e5 tilgang til eller endre andre data p\u00e5 maskinen din. De fleste nettlesere er som standard stilt inn for \u00e5 godta informasjonskapsler. Det er mulig \u00e5 blokker informasjonskapsler, enten alle eller bare fra utvalgte nettsteder. Det medf\u00f8rer imidlertid at funksjonaliteten p\u00e5 enkelte sider blir d\u00e5rligere, eller at enkelte funksjoner ikke er tilgjengelige.<\/p>\n\n\n\n<h3 class=\"wp-block-heading\">Nyhetsbrev og e-postutsendelser<\/h3>\n\n\n\n<p>Iblant sender vi ut nyhetsbrev med informasjon eller nyheter vi tror at du som bruker kan ha interesse av. Du kan n\u00e5r som helst avregistrere deg fra slike utsendelser ved \u00e5 klikke p\u00e5 \u00abavregistrer\/unsubscribe\u00bb nederst i hver e-postmelding.<\/p>\n\n\n\n<h3 class=\"wp-block-heading\">Google Analytics<\/h3>\n\n\n\n<p>Med Google Analytics kan vi se hvordan bes\u00f8kende bruker hjemmesiden v\u00e5r. Vi kan for eksempel se hvilke sider som er mest bes\u00f8kt, hvilke enheter en bes\u00f8kende bruker, hvilken nettleser en bes\u00f8kende bruker, og p\u00e5 den m\u00e5ten kan vi tilpasse sidene v\u00e5re. Vi kan til og med bruke informasjonen til feils\u00f8king. Informasjonen kan ikke spores tilbake til enkeltpersoner.<\/p>\n\n\n\n<h3 class=\"wp-block-heading\">Google analytics remarketing<\/h3>\n\n\n\n<p>plasserer informasjonskapsler p\u00e5 datamaskinen din, slik at n\u00e5r du har bes\u00f8kt en hjemmeside kan Google vise deg annonser du kan ha interesse av. Informasjonen kan ikke spores tilbake til enkeltpersoner.<\/p>\n\n\n\n<p>Hvis vi bruker Google AdWords, kan vi gjennom koden derfra se hvilke koblinger som f\u00f8rte til klikk. Informasjonen kan ikke spores tilbake til enkeltpersoner.<\/p>\n\n\n\n<h3 class=\"wp-block-heading\">Google adwords remarketing<\/h3>\n\n\n\n<p>plasserer informasjonskapsler p\u00e5 datamaskinen din, slik at n\u00e5r du har bes\u00f8kt en hjemmeside kan Google vise deg annonser du kan ha interesse av. Informasjonen kan ikke spores tilbake til enkeltpersoner.<\/p>\n\n\n\n<p>Les mer om hvordan Google bruker ulike informasjonskapsler<\/p>\n\n\n\n<p>Les mer om hvordan Google Analytics bruker innhentede data<\/p>\n\n\n\n<p>Vi behandler f\u00f8lgende personopplysninger<\/p>\n\n\n\n<p>&nbsp;\u2013 Navn, adresse, telefonnummer, e-postadresse, organisasjonsnummer\/personnummer.<\/p>\n\n\n\n<p>\u2013 Kommunikasjon mellom deg og TiksPac.<\/p>\n\n\n\n<h3 class=\"wp-block-heading\">Hvor lenge lagrer vi opplysningene dine?<\/h3>\n\n\n\n<p>Vi lagrer opplysningene om deg s\u00e5 lenge samarbeidet mellom oss p\u00e5g\u00e5r. Du kan n\u00e5r som helst velge \u00e5 avslutte samarbeidet. Da vil vi slette personopplysningene dine.<\/p>\n\n\n\n<h3 class=\"wp-block-heading\">Dine rettigheter<\/h3>\n\n\n\n<p>Du har rett til \u00e5 avvise markedsf\u00f8ringsmaterial fra TiksPac. Det gj\u00f8r du p\u00e5 f\u00f8lgende m\u00e5te:<\/p>\n\n\n\n<p>&nbsp;\u2013 F\u00f8lg anvisningene for avregistrering i nyhetsbrevene vi sender deg.<br>\u2013 Kontakt oss p\u00e5&nbsp;<a href=\"mailto:info@tikspac.com\" target=\"_blank\" rel=\"noreferrer noopener\">info@tikspac.com<\/a><br>\u2013 Kontakta oss p\u00e5&nbsp;<a href=\"mailto:info@tikspac.com\" target=\"_blank\" rel=\"noreferrer noopener\">info@tikspac.com<\/a>&nbsp;hvis du \u00f8nsker en kopi av personopplysningene dine.<\/p>\n\n\n\n<h3 class=\"wp-block-heading\">Slik beskytter vi informasjon og opplysninger<\/h3>\n\n\n\n<p>\u2013 Vi beskytter informasjon gjennom h\u00f8y sikkerhet p\u00e5 datamaskiner og internett.<br>\u2013 Vi bruker antivirusprogram, tr\u00e5dl\u00f8se nettverk med kryptering og datamaskiner med oppdatert programvare.<br>\u2013 Vi sikkerhetskopierer hvert d\u00f8gn.<br>\u2013 Hjemmesiden v\u00e5r er kryptert gjennom SSL-sertifikat.<\/p>\n\n\n\n<h3 class=\"wp-block-heading\"><\/h3>\n\n\n\n<h3 class=\"wp-block-heading\">Endringer i og tillegg til vilk\u00e5rene<\/h3>\n\n\n\n<p>Hvis vi foretar oppdateringer i disse vilk\u00e5rene, vil vi oppdatere informasjonen p\u00e5 denne siden. Sist oppdatert6\/10 2020.<\/p>\n\n\n\n<p>Kontakt oss gjerne<\/p>\n\n\n\n<p>Hvis du har sp\u00f8rsm\u00e5l om dette, kan du kontakte oss p\u00e5&nbsp;<a href=\"mailto:info@tikspac.com\" target=\"_blank\" rel=\"noreferrer noopener\">info@tikspac.com<\/a><\/p>\n","protected":false},"excerpt":{"rendered":"<p>Om nettstedet GDPR (General Data Protection Regulation) er en EU-forordning som gjelder f.o.m. 25. mai 2018. Den nye forordningen erstatter loven om personopplysninger. Nedenfor finner du informasjon om hvordan vi behandler personopplysninger, informasjonskapsler, sikkerhet m.m. Behandling av personopplysninger. Vi bruker personopplysningene dine for \u00e5 kunne svare p\u00e5 foresp\u00f8rsler og til kommunikasjon. Opplysningene brukes ogs\u00e5 slik [&hellip;]<\/p>\n","protected":false},"author":1,"featured_media":0,"parent":0,"menu_order":0,"comment_status":"closed","ping_status":"closed","template":"","meta":{"_acf_changed":false,"footnotes":""},"class_list":["post-13788","page","type-page","status-publish","hentry"],"acf":[],"_links":{"self":[{"href":"https:\/\/tikspac.com\/no\/wp-json\/wp\/v2\/pages\/13788","targetHints":{"allow":["GET"]}}],"collection":[{"href":"https:\/\/tikspac.com\/no\/wp-json\/wp\/v2\/pages"}],"about":[{"href":"https:\/\/tikspac.com\/no\/wp-json\/wp\/v2\/types\/page"}],"author":[{"embeddable":true,"href":"https:\/\/tikspac.com\/no\/wp-json\/wp\/v2\/users\/1"}],"replies":[{"embeddable":true,"href":"https:\/\/tikspac.com\/no\/wp-json\/wp\/v2\/comments?post=13788"}],"version-history":[{"count":2,"href":"https:\/\/tikspac.com\/no\/wp-json\/wp\/v2\/pages\/13788\/revisions"}],"predecessor-version":[{"id":13795,"href":"https:\/\/tikspac.com\/no\/wp-json\/wp\/v2\/pages\/13788\/revisions\/13795"}],"wp:attachment":[{"href":"https:\/\/tikspac.com\/no\/wp-json\/wp\/v2\/media?parent=13788"}],"curies":[{"name":"wp","href":"https:\/\/api.w.org\/{rel}","templated":true}]}}