{"id":13787,"date":"2021-03-30T14:22:30","date_gmt":"2021-03-30T14:22:30","guid":{"rendered":"https:\/\/tikspac.com\/integritetspolicy\/"},"modified":"2022-03-21T17:13:49","modified_gmt":"2022-03-21T17:13:49","slug":"ehdot-ja-kaytannot","status":"publish","type":"page","link":"https:\/\/tikspac.com\/fi\/ehdot-ja-kaytannot\/","title":{"rendered":"Ehdot ja k\u00e4yt\u00e4nn\u00f6t"},"content":{"rendered":"\n<h3 class=\"wp-block-heading\">Tietoa sivustosta<\/h3>\n\n\n\n<p>GDPR (yleinen tietosuoja-asetus) on EU:n asetus, joka tuli voimaan 25.5.2018. Uusi asetus korvasi entisen henkil\u00f6tietolain. Alta saat tietoa siit\u00e4, miten k\u00e4sittelemme henkil\u00f6tietojasi, sek\u00e4 ev\u00e4steist\u00e4, turvallisuudesta ja muusta.<\/p>\n\n\n\n<h3 class=\"wp-block-heading\">Henkil\u00f6tietojen k\u00e4sittely<\/h3>\n\n\n\n<p>Henkil\u00f6tietojasi k\u00e4ytet\u00e4\u00e4n vastaamaan tekemiisi tiedusteluihin sek\u00e4 viestint\u00e4\u00e4n kanssasi. Tietoja k\u00e4ytet\u00e4\u00e4n my\u00f6s siihen, ett\u00e4 voimme ottaa sinuun yhteytt\u00e4 tilauksia, tarjouksia ja muita t\u00e4rkeit\u00e4 tietoja koskevissa asioissa. Emme koskaan luovuta tietojasi kolmansille osapuolille.<\/p>\n\n\n\n<h3 class=\"wp-block-heading\">Ev\u00e4steet<\/h3>\n\n\n\n<p>K\u00e4yt\u00e4mme sivustollamme ev\u00e4steit\u00e4. Ev\u00e4ste on pieni tekstitiedosto, jonka verkkosivusto pyyt\u00e4\u00e4 saada tallentaa tietokoneellesi. Sivustomme k\u00e4ytt\u00e4\u00e4 ev\u00e4steit\u00e4 tunnistamaan, onko sivustolla k\u00e4vij\u00e4 uusi tai palaava k\u00e4vij\u00e4. Ev\u00e4steet eiv\u00e4t ole haittaohjelmia eiv\u00e4tk\u00e4 ne pysty k\u00e4ytt\u00e4m\u00e4\u00e4n tai muokkaamaan muita tietokoneellasi olevia tietoja. Useimmat selaimet hyv\u00e4ksyv\u00e4t ev\u00e4steet oletusarvoisesti. Ev\u00e4steet on mahdollista est\u00e4\u00e4 joko niin, ett\u00e4 kaikki tai vain tiettyjen sivustojen ev\u00e4steet estet\u00e4\u00e4n. T\u00e4m\u00e4 tarkoittaa kuitenkin sit\u00e4, ett\u00e4 tiettyjen sivujen toimivuus heikentyy tai ett\u00e4 jotkin toiminnot eiv\u00e4t ole k\u00e4ytett\u00e4viss\u00e4si.<\/p>\n\n\n\n<h3 class=\"wp-block-heading\">Uutiskirjeet ja s\u00e4hk\u00f6posti<\/h3>\n\n\n\n<p>L\u00e4het\u00e4mme jonkin verran uutiskirjeit\u00e4, jotka sis\u00e4lt\u00e4v\u00e4t uutisia tai tietoja, joista uskomme k\u00e4ytt\u00e4jiemme olevan kiinnostuneita. Voit aina poistua postituslistaltamme napsauttamalla kunkin viestin lopussa olevaa linkki\u00e4 Peruuta tilaus \/ Unsubscribe.<\/p>\n\n\n\n<h3 class=\"wp-block-heading\">Google Analytics<\/h3>\n\n\n\n<p>Google Analyticsin avulla voimme seurata, miten vierailijat k\u00e4ytt\u00e4v\u00e4t verkkosivustoamme. Voimme n\u00e4hd\u00e4 esimerkiksi sen, mitk\u00e4 sivut ovat suosituimpia, mill\u00e4 laitteilla k\u00e4vij\u00e4t k\u00e4ytt\u00e4v\u00e4t sivustoamme, mit\u00e4 selainta k\u00e4vij\u00e4t k\u00e4ytt\u00e4v\u00e4t, ja n\u00e4iden tietojen avulla voimme muokata sivustoamme paremmaksi. Voimme k\u00e4ytt\u00e4\u00e4 tietoja my\u00f6s vianm\u00e4\u00e4ritykseen. Tietoja ei voida yhdist\u00e4\u00e4 tiettyihin henkil\u00f6ihin.<\/p>\n\n\n\n<h3 class=\"wp-block-heading\">Google Analytics Remarketing<\/h3>\n\n\n\n<p>asettaa ev\u00e4steit\u00e4 tietokoneellesi ja mahdollistaa sen, ett\u00e4 jollakin verkkosivustolla k\u00e4yty\u00e4si Google voi n\u00e4ytt\u00e4\u00e4 sinulle mainoksia, joista saatat olla kiinnostunut. Tietoja ei voida yhdist\u00e4\u00e4 tiettyihin henkil\u00f6ihin.<\/p>\n\n\n\n<p>Google AdWordsia k\u00e4ytt\u00e4ess\u00e4mme voimme sen antaman koodin avulla tarkastella, mitk\u00e4 linkit houkuttelivat ihmisi\u00e4 napsauttamaan niit\u00e4. Tietoja ei voida yhdist\u00e4\u00e4 tiettyihin henkil\u00f6ihin.<\/p>\n\n\n\n<h3 class=\"wp-block-heading\">Google Adwords Remarketing<\/h3>\n\n\n\n<p>asettaa ev\u00e4steit\u00e4 tietokoneellesi ja mahdollistaa sen, ett\u00e4 jollakin verkkosivustolla k\u00e4yty\u00e4si Google voi n\u00e4ytt\u00e4\u00e4 sinulle mainoksia, joista saatat olla kiinnostunut. Tietoja ei voida yhdist\u00e4\u00e4 tiettyihin henkil\u00f6ihin.<\/p>\n\n\n\n<p><a href=\"https:\/\/policies.google.com\/technologies\/types?hl=fi\" target=\"_blank\" rel=\"noreferrer noopener\">Lue lis\u00e4\u00e4 siit\u00e4, kuinka Google k\u00e4ytt\u00e4\u00e4 erilaisia ev\u00e4steit\u00e4<\/a>&nbsp;<\/p>\n\n\n\n<p><a href=\"https:\/\/policies.google.com\/privacy?gl=fi\" target=\"_blank\" rel=\"noreferrer noopener\">Lue lis\u00e4\u00e4 siit\u00e4, kuinka Google Analytics k\u00e4ytt\u00e4\u00e4 ker\u00e4\u00e4mi\u00e4ns\u00e4 tietoja<\/a><\/p>\n\n\n\n<h3 class=\"wp-block-heading\">K\u00e4sittelemme henkil\u00f6tietoja<\/h3>\n\n\n\n<p>\u2022 nimi, osoite, puhelinnumero, s\u00e4hk\u00f6postiosoite, y-tunnus\/henkil\u00f6tunnus.<br>\u2022 viestint\u00e4\u00e4n sinun ja TiksPacin v\u00e4lill\u00e4.<\/p>\n\n\n\n<h3 class=\"wp-block-heading\">Tietojesi s\u00e4ilytysaika<\/h3>\n\n\n\n<p>S\u00e4ilyt\u00e4mme tietojasi koko yhteisty\u00f6mme ajan. Voit milloin tahansa lopettaa yhteisty\u00f6n, jolloin poistamme kaikki henkil\u00f6tietonne.<\/p>\n\n\n\n<h3 class=\"wp-block-heading\">Sinun oikeutesi<\/h3>\n\n\n\n<p>Sinulla on oikeus kielt\u00e4yty\u00e4 TiksPacin mainosmateriaalista ja voit tehd\u00e4 sen seuraavasti:<\/p>\n\n\n\n<p>\u2022 noudata uutiskirjeemme peruuttamisohjeita.<br>\u2022 l\u00e4het\u00e4 meille viesti osoitteeseen&nbsp;<a href=\"mailto:info@tikspac.com\">info@tikspac.com<\/a><br>\u2022 ja kun haluat kopion henkil\u00f6tiedoistasi, ota meihin yhteytt\u00e4 osoitteeseen&nbsp;<a href=\"mailto:info@tikspac.com\">info@tikspac.com<\/a>.<\/p>\n\n\n\n<h3 class=\"wp-block-heading\">Tietojen suojaus<\/h3>\n\n\n\n<p>\u2022 Olemme suojanneet tiedot varmistamalla tietokoneidemme ja internetin korkean suojaustason.<br>\u2022 K\u00e4yt\u00e4mme virustorjuntaohjelmistoa, salattuja langattomia verkkoja ja tietokoneita, joissa on ajantasaiset ohjelmistop\u00e4ivitykset.<br>\u2022 Teemme varmennuksen ja varmuuskopioinnin p\u00e4ivitt\u00e4in.<br>\u2022 Sivustomme on salattu SSL-varmenteella.<\/p>\n\n\n\n<h3 class=\"wp-block-heading\">Muutokset ja lis\u00e4ykset ehtoihimme<\/h3>\n\n\n\n<p>Jos muutamme ehtojamme, ilmoitamme siit\u00e4 t\u00e4ll\u00e4 sivulla. Viimeksi p\u00e4ivitetty 6.10.2020.<\/p>\n\n\n\n<h3 class=\"wp-block-heading\">Ota meihin yhteytt\u00e4<\/h3>\n\n\n\n<p>Jos sinulla on kysytt\u00e4v\u00e4\u00e4 t\u00e4h\u00e4n liittyen, ota yhteytt\u00e4 osoitteeseen&nbsp;<a href=\"mailto:info@tikspac.com\">info@tikspac.com<\/a>.<\/p>\n","protected":false},"excerpt":{"rendered":"<p>Tietoa sivustosta GDPR (yleinen tietosuoja-asetus) on EU:n asetus, joka tuli voimaan 25.5.2018. Uusi asetus korvasi entisen henkil\u00f6tietolain. Alta saat tietoa siit\u00e4, miten k\u00e4sittelemme henkil\u00f6tietojasi, sek\u00e4 ev\u00e4steist\u00e4, turvallisuudesta ja muusta. Henkil\u00f6tietojen k\u00e4sittely Henkil\u00f6tietojasi k\u00e4ytet\u00e4\u00e4n vastaamaan tekemiisi tiedusteluihin sek\u00e4 viestint\u00e4\u00e4n kanssasi. Tietoja k\u00e4ytet\u00e4\u00e4n my\u00f6s siihen, ett\u00e4 voimme ottaa sinuun yhteytt\u00e4 tilauksia, tarjouksia ja muita t\u00e4rkeit\u00e4 tietoja koskevissa [&hellip;]<\/p>\n","protected":false},"author":1,"featured_media":0,"parent":0,"menu_order":0,"comment_status":"closed","ping_status":"closed","template":"","meta":{"_acf_changed":false,"footnotes":""},"class_list":["post-13787","page","type-page","status-publish","hentry"],"acf":[],"_links":{"self":[{"href":"https:\/\/tikspac.com\/fi\/wp-json\/wp\/v2\/pages\/13787","targetHints":{"allow":["GET"]}}],"collection":[{"href":"https:\/\/tikspac.com\/fi\/wp-json\/wp\/v2\/pages"}],"about":[{"href":"https:\/\/tikspac.com\/fi\/wp-json\/wp\/v2\/types\/page"}],"author":[{"embeddable":true,"href":"https:\/\/tikspac.com\/fi\/wp-json\/wp\/v2\/users\/1"}],"replies":[{"embeddable":true,"href":"https:\/\/tikspac.com\/fi\/wp-json\/wp\/v2\/comments?post=13787"}],"version-history":[{"count":1,"href":"https:\/\/tikspac.com\/fi\/wp-json\/wp\/v2\/pages\/13787\/revisions"}],"predecessor-version":[{"id":13791,"href":"https:\/\/tikspac.com\/fi\/wp-json\/wp\/v2\/pages\/13787\/revisions\/13791"}],"wp:attachment":[{"href":"https:\/\/tikspac.com\/fi\/wp-json\/wp\/v2\/media?parent=13787"}],"curies":[{"name":"wp","href":"https:\/\/api.w.org\/{rel}","templated":true}]}}