{"id":13785,"date":"2021-03-30T14:22:30","date_gmt":"2021-03-30T14:22:30","guid":{"rendered":"https:\/\/tikspac.com\/integritetspolicy\/"},"modified":"2022-03-21T17:13:51","modified_gmt":"2022-03-21T17:13:51","slug":"politikker","status":"publish","type":"page","link":"https:\/\/tikspac.com\/da\/politikker\/","title":{"rendered":"Politikker"},"content":{"rendered":"\n<h3 class=\"wp-block-heading\">Om webstedet<\/h3>\n\n\n\n<p>GDPR (General Data Protection Regulation) er en EU-forordning, der g\u00e6lder fra den 25. maj 2018. Den nye forordning erstatter persondataloven. Nedenfor er oplysninger om, hvordan vi behandler personlige data, cookies, sikkerhed og mere.<\/p>\n\n\n\n<h3 class=\"wp-block-heading\">H\u00e5ndtering af personoplysninger<\/h3>\n\n\n\n<p>Dine personlige oplysninger bruges til at kunne besvare henvendelser og kommunikation. Oplysningerne bruges ogs\u00e5 til at kunne kontakte dig ang\u00e5ende ordrer, kommunikere tilbud og vigtig information. Vi videregiver aldrig oplysningerne til tredjeparter.<\/p>\n\n\n\n<h3 class=\"wp-block-heading\">Cookies<\/h3>\n\n\n\n<p>P\u00e5 vores hjemmeside bruger vi cookies. En cookie er en lille tekstfil, som det websted, du bes\u00f8ger, anmoder om at blive gemt p\u00e5 din computer. Vores side bruger cookies til at skelne mellem, om webstedets bes\u00f8gende er nye eller vender tilbage. Cookies er ikke skadelig software og kan ikke f\u00e5 adgang til eller \u00e6ndre andre data p\u00e5 din computer. De fleste browsere er oprindeligt indstillet til at acceptere cookies. Du kan blokere cookies, enten alle eller kun fra bestemte websteder. Dette betyder dog, at funktionaliteten p\u00e5 nogle sider forringes, eller at visse funktioner ikke er tilg\u00e6ngelige.<\/p>\n\n\n\n<h3 class=\"wp-block-heading\">Nyhedsbrev og e-mail<\/h3>\n\n\n\n<p>Nogle gange sender vi nyhedsbreve med nyheder eller oplysninger, som vi mener, du som bruger er interesseret i. Du kan altid afmelde vores mails ved at klikke p\u00e5 \u201copsig abonnement\/unsubscribe\u201d i slutningen af \u200b\u200bhver e-mail.<\/p>\n\n\n\n<h3 class=\"wp-block-heading\">Google analytics<\/h3>\n\n\n\n<p>Med Google Analytics f\u00e5r vi mulighed for at se, hvordan bes\u00f8gende bruger vores websted. For eksempel kan vi se, hvilke sider der er mest bes\u00f8gte, hvilke enheder vores bes\u00f8gende bruger, hvilken browser, den bes\u00f8gende bruger, og dermed v\u00e6re i stand til at tilpasse vores sider. Vi kan ogs\u00e5 bruge oplysningerne til fejlfinding. Oplysningerne kan ikke spores tilbage til enkeltpersoner.<\/p>\n\n\n\n<h3 class=\"wp-block-heading\">Google Analytics-remarketing<\/h3>\n\n\n\n<p>placerer cookies p\u00e5 din computer, hvilket betyder, at Google efter dit bes\u00f8g p\u00e5 et websted kan vise dig annoncer, som du m\u00e5ske er interesseret i. Oplysningerne kan ikke spores tilbage til enkeltpersoner.<\/p>\n\n\n\n<p>Hvis vi bruger Google AdWords, kan vi se fra koden derfra, hvilke links der f\u00f8rte til klik. Oplysningerne kan ikke spores tilbage til enkeltpersoner.<\/p>\n\n\n\n<h3 class=\"wp-block-heading\">Google AdWords-remarketing<\/h3>\n\n\n\n<p>placerer cookies p\u00e5 din computer, hvilket betyder, at Google efter dit bes\u00f8g p\u00e5 et websted kan vise dig annoncer, som du m\u00e5ske er interesseret i. Oplysningerne kan ikke spores tilbage til enkeltpersoner.<\/p>\n\n\n\n<p>L\u00e6s mere om, hvordan Google bruger forskellige cookies<\/p>\n\n\n\n<p>L\u00e6s mere om, hvordan Google Analytics bruger indsamlede data<\/p>\n\n\n\n<p>Vi h\u00e5ndterer f\u00f8lgende personoplysninger:<\/p>\n\n\n\n<p>&nbsp;\u2013 Navn, adresse, telefonnummer, e-mail-adresse, organisationsnummer\/personnummer.<\/p>\n\n\n\n<p>\u2013 Kommunikation mellem dig og TiksPac.<\/p>\n\n\n\n<h3 class=\"wp-block-heading\">Hvor l\u00e6nge vi gemmer dine oplysninger<\/h3>\n\n\n\n<p>Vi gemmer dine oplysninger, s\u00e5 l\u00e6nge vores samarbejde varer. Du kan til enhver tid v\u00e6lge at afslutte samarbejdet, og s\u00e5 sletter vi dine personlige oplysninger.<\/p>\n\n\n\n<h3 class=\"wp-block-heading\">Dine rettigheder<\/h3>\n\n\n\n<p>Du har ret til at n\u00e6gte markedsf\u00f8ringsmateriale fra TiksPac og kan g\u00f8re det ved at:<\/p>\n\n\n\n<p>&nbsp;\u2013 F\u00f8lge instruktionerne for afmelding ved udsendelse af vores nyhedsbreve.<\/p>\n\n\n\n<p>\u2013 Kontakte os via&nbsp;<a href=\"mailto:info@tikspac.com\">info@tikspac.com<\/a><\/p>\n\n\n\n<p>\u2013 Kontakte os via&nbsp;<a href=\"mailto:info@tikspac.com\" target=\"_blank\" rel=\"noreferrer noopener\">info@tikspac.com<\/a>, hvis du \u00f8nsker en kopi af dine personlige oplysninger.<\/p>\n\n\n\n<h3 class=\"wp-block-heading\">S\u00e5dan beskytter vi data og information<\/h3>\n\n\n\n<p>\u2013 Vi beskytter information gennem h\u00f8j sikkerhed p\u00e5 computere og internettet.<\/p>\n\n\n\n<p>\u2013 Vi bruger antivirussoftware, tr\u00e5dl\u00f8se netv\u00e6rk med kryptering og computere med opdateret software.<\/p>\n\n\n\n<p>\u2013 Vi foretager sikkerhedskopiering og backup hvert d\u00f8gn.<\/p>\n\n\n\n<p>\u2013 Vores hjemmeside har kryptering gennem SSL-certifikat.<\/p>\n\n\n\n<h3 class=\"wp-block-heading\"><\/h3>\n\n\n\n<h3 class=\"wp-block-heading\">\u00c6ndringer og tilf\u00f8jelser til vores vilk\u00e5r<\/h3>\n\n\n\n<p>Hvis vi \u00e6ndrer nogle af vores vilk\u00e5r, opdaterer vi oplysningerne p\u00e5 denne side. Sidst opdateret 6\/10 2020.<\/p>\n\n\n\n<h3 class=\"wp-block-heading\">Kontakt os gerne<\/h3>\n\n\n\n<p>Hvis du har sp\u00f8rgsm\u00e5l om dette, s\u00e5 kontakt os p\u00e5&nbsp;<a href=\"mailto:info@tikspac.com\" target=\"_blank\" rel=\"noreferrer noopener\">info@tikspac.com<\/a><\/p>\n","protected":false},"excerpt":{"rendered":"<p>Om webstedet GDPR (General Data Protection Regulation) er en EU-forordning, der g\u00e6lder fra den 25. maj 2018. Den nye forordning erstatter persondataloven. Nedenfor er oplysninger om, hvordan vi behandler personlige data, cookies, sikkerhed og mere. H\u00e5ndtering af personoplysninger Dine personlige oplysninger bruges til at kunne besvare henvendelser og kommunikation. Oplysningerne bruges ogs\u00e5 til at kunne [&hellip;]<\/p>\n","protected":false},"author":1,"featured_media":0,"parent":0,"menu_order":0,"comment_status":"closed","ping_status":"closed","template":"","meta":{"_acf_changed":false,"footnotes":""},"class_list":["post-13785","page","type-page","status-publish","hentry"],"acf":[],"_links":{"self":[{"href":"https:\/\/tikspac.com\/da\/wp-json\/wp\/v2\/pages\/13785","targetHints":{"allow":["GET"]}}],"collection":[{"href":"https:\/\/tikspac.com\/da\/wp-json\/wp\/v2\/pages"}],"about":[{"href":"https:\/\/tikspac.com\/da\/wp-json\/wp\/v2\/types\/page"}],"author":[{"embeddable":true,"href":"https:\/\/tikspac.com\/da\/wp-json\/wp\/v2\/users\/1"}],"replies":[{"embeddable":true,"href":"https:\/\/tikspac.com\/da\/wp-json\/wp\/v2\/comments?post=13785"}],"version-history":[{"count":2,"href":"https:\/\/tikspac.com\/da\/wp-json\/wp\/v2\/pages\/13785\/revisions"}],"predecessor-version":[{"id":13793,"href":"https:\/\/tikspac.com\/da\/wp-json\/wp\/v2\/pages\/13785\/revisions\/13793"}],"wp:attachment":[{"href":"https:\/\/tikspac.com\/da\/wp-json\/wp\/v2\/media?parent=13785"}],"curies":[{"name":"wp","href":"https:\/\/api.w.org\/{rel}","templated":true}]}}